{"id":12,"date":"2023-06-17T14:59:14","date_gmt":"2023-06-17T12:59:14","guid":{"rendered":"https:\/\/www.ketvilaghataran.hu\/?page_id=12"},"modified":"2025-08-07T11:23:08","modified_gmt":"2025-08-07T09:23:08","slug":"tarsadalom","status":"publish","type":"page","link":"https:\/\/www.ketvilaghataran.hu\/en\/tarsadalom\/","title":{"rendered":"Society"},"content":{"rendered":"<div style=\"height:10px\" aria-hidden=\"true\" class=\"wp-block-spacer\"><\/div>\n\n\n<div class=\"wp-block-image\">\n<figure class=\"aligncenter size-full\"><img loading=\"lazy\" decoding=\"async\" width=\"370\" height=\"252\" src=\"https:\/\/www.ketvilaghataran.hu\/wp-content\/uploads\/2025\/08\/blog-society-new.jpg\" alt=\"\" class=\"wp-image-2729\" srcset=\"https:\/\/www.ketvilaghataran.hu\/wp-content\/uploads\/2025\/08\/blog-society-new.jpg 370w, https:\/\/www.ketvilaghataran.hu\/wp-content\/uploads\/2025\/08\/blog-society-new-300x204.jpg 300w, https:\/\/www.ketvilaghataran.hu\/wp-content\/uploads\/2025\/08\/blog-society-new-18x12.jpg 18w\" sizes=\"auto, (max-width: 370px) 100vw, 370px\" \/><\/figure>\n<\/div>\n\n\n<div style=\"height:30px\" aria-hidden=\"true\" class=\"wp-block-spacer\"><\/div>\n\n\n\n<p class=\"has-contrast-2-color has-text-color\" style=\"font-size:16px\">Even if we only interpret the meaning of the word \u2019society\u2019 as it applies to our modern times, we find that its meaning is as complex as it is ambiguous. It can be used as a definition to describe the cohesion or stratification of human communities, or the separation of a particular group. The word thus has descriptive, cohesive and divisive meanings at the same time in relation to our world, depending on to what and how large a group or community of the human population it refers to.<\/p>\n\n\n\n<p class=\"has-contrast-2-color has-text-color\" style=\"font-size:16px\">The concept of society is not only an expression of belonging or separation, but also a system of relations. That is, a kind of dependency in a good or bad sense. So it is not really possible to be independent of something within a given community of life.<\/p>\n\n\n\n<p class=\"has-contrast-2-color has-text-color\" style=\"font-size:16px\">And this is a disturbingly important thought, especially given what is happening in our world today. Because there are no isolated individual problems. Every change that takes place in our world will, sooner or later, affect everyone. So, in this section of the blog, I will expand on the social interactions.<\/p>\n\n\n\n<p class=\"has-contrast-2-color has-text-color\" style=\"font-size:16px\">But if we break the Hungarian word \u2019t\u00e1rsadalom\u2019 (society) down into word fragments, we can get even more confused. Our Hungarian mother tongue is wonderful. At least as wonderful as the complex meaning of our words. T\u00e1rs-ad-alom (fellow-give-resting place) can mean a resting place for our companions, as well as a dream that we can achieve together. The complex system of relationships encrypted verbally can therefore also be found in the structure of our language.<\/p>\n\n\n\n<hr class=\"wp-block-separator has-text-color has-base-color has-alpha-channel-opacity has-base-background-color has-background\"\/>\n\n\n\n<p class=\"has-text-align-center has-contrast-2-color has-text-color\" style=\"font-size:16px\">You can view the grouped entries in this category by clicking on the link below:<\/p>\n\n\n\n<div class=\"wp-block-buttons is-content-justification-center is-nowrap is-layout-flex wp-container-core-buttons-is-layout-94bc23d7 wp-block-buttons-is-layout-flex\">\n<div class=\"wp-block-button\"><a class=\"wp-block-button__link has-custom-font-size wp-element-button\" href=\"https:\/\/www.ketvilaghataran.hu\/category\/tarsadalom\/\" style=\"border-radius:0px;font-size:16px\">Society<\/a><\/div>\n<\/div>","protected":false},"excerpt":{"rendered":"<p>Ha csak a sz\u00f3 modern korunkra alkalmazott jelent\u00e9s\u00e9t \u00e9rtelmezz\u00fck is r\u00e1j\u00f6v\u00fcnk, hogy jelent\u00e9se \u00e9pp\u00fagy \u00f6sszetett, mint ahogyan t\u00f6bb\u00e9rtelm\u0171 is. Meghat\u00e1roz\u00e1sk\u00e9nt egyar\u00e1nt haszn\u00e1ljuk emberi k\u00f6z\u00f6ss\u00e9gek \u00f6sszetartoz\u00e1s\u00e1ra, r\u00e9tegz\u0151d\u00e9s\u00e9re vagy egy adott csoport elk\u00fcl\u00f6n\u00edt\u00e9s\u00e9re is. \u00cdgy a sz\u00f3 egyszerre b\u00edr le\u00edr\u00f3, \u00f6sszetart\u00f3 \u00e9s megoszt\u00f3 jelent\u00e9startalommal is a vil\u00e1gunkra vet\u00edtve. Aszerint, hogy az emberi n\u00e9pess\u00e9g milyen \u00e9s mekkora csoportj\u00e1ra &#8230; <a title=\"Society\" class=\"read-more\" href=\"https:\/\/www.ketvilaghataran.hu\/en\/tarsadalom\/\" aria-label=\"Read more about T\u00e1rsadalom\">Read more<\/a><\/p>","protected":false},"author":1,"featured_media":0,"parent":0,"menu_order":3,"comment_status":"closed","ping_status":"closed","template":"","meta":{"footnotes":""},"class_list":["post-12","page","type-page","status-publish"],"_links":{"self":[{"href":"https:\/\/www.ketvilaghataran.hu\/en\/wp-json\/wp\/v2\/pages\/12","targetHints":{"allow":["GET"]}}],"collection":[{"href":"https:\/\/www.ketvilaghataran.hu\/en\/wp-json\/wp\/v2\/pages"}],"about":[{"href":"https:\/\/www.ketvilaghataran.hu\/en\/wp-json\/wp\/v2\/types\/page"}],"author":[{"embeddable":true,"href":"https:\/\/www.ketvilaghataran.hu\/en\/wp-json\/wp\/v2\/users\/1"}],"replies":[{"embeddable":true,"href":"https:\/\/www.ketvilaghataran.hu\/en\/wp-json\/wp\/v2\/comments?post=12"}],"version-history":[{"count":11,"href":"https:\/\/www.ketvilaghataran.hu\/en\/wp-json\/wp\/v2\/pages\/12\/revisions"}],"predecessor-version":[{"id":2810,"href":"https:\/\/www.ketvilaghataran.hu\/en\/wp-json\/wp\/v2\/pages\/12\/revisions\/2810"}],"wp:attachment":[{"href":"https:\/\/www.ketvilaghataran.hu\/en\/wp-json\/wp\/v2\/media?parent=12"}],"curies":[{"name":"wp","href":"https:\/\/api.w.org\/{rel}","templated":true}]}}