{"id":136,"date":"2023-06-17T16:43:13","date_gmt":"2023-06-17T14:43:13","guid":{"rendered":"https:\/\/www.ketvilaghataran.hu\/?page_id=136"},"modified":"2025-10-03T08:28:23","modified_gmt":"2025-10-03T06:28:23","slug":"hibaoldal","status":"publish","type":"page","link":"https:\/\/www.ketvilaghataran.hu\/en\/hibaoldal\/","title":{"rendered":"Error page"},"content":{"rendered":"<div style=\"height:10px\" aria-hidden=\"true\" class=\"wp-block-spacer\"><\/div>\n\n\n<div class=\"wp-block-image\">\n<figure class=\"aligncenter size-full\"><img loading=\"lazy\" decoding=\"async\" width=\"370\" height=\"244\" src=\"https:\/\/www.ketvilaghataran.hu\/wp-content\/uploads\/2025\/08\/blog-error404-cat.jpg\" alt=\"\" class=\"wp-image-3239\" srcset=\"https:\/\/www.ketvilaghataran.hu\/wp-content\/uploads\/2025\/08\/blog-error404-cat.jpg 370w, https:\/\/www.ketvilaghataran.hu\/wp-content\/uploads\/2025\/08\/blog-error404-cat-300x198.jpg 300w, https:\/\/www.ketvilaghataran.hu\/wp-content\/uploads\/2025\/08\/blog-error404-cat-18x12.jpg 18w\" sizes=\"auto, (max-width: 370px) 100vw, 370px\" \/><figcaption class=\"wp-element-caption\">Error 404 \u2013 Page Not Found<\/figcaption><\/figure>\n<\/div>\n\n\n<div style=\"height:30px\" aria-hidden=\"true\" class=\"wp-block-spacer\"><\/div>\n\n\n\n<p class=\"has-text-align-center has-contrast-2-color has-text-color\" style=\"font-size:25px\">The page you requested could not be found.<\/p>\n\n\n\n<hr class=\"wp-block-separator has-text-color has-base-color has-alpha-channel-opacity has-base-background-color has-background\"\/>\n\n\n\n<p class=\"has-text-align-center has-contrast-2-color has-text-color\" style=\"font-size:25px\">Oops... you've just run into an error.<\/p>\n\n\n\n<div style=\"height:10px\" aria-hidden=\"true\" class=\"wp-block-spacer\"><\/div>\n\n\n<div class=\"wp-block-image\">\n<figure class=\"aligncenter size-full is-resized\"><img loading=\"lazy\" decoding=\"async\" width=\"300\" height=\"258\" src=\"https:\/\/www.ketvilaghataran.hu\/wp-content\/uploads\/2025\/08\/anime-cat.jpg\" alt=\"\" class=\"wp-image-2793\" style=\"width:200px\" srcset=\"https:\/\/www.ketvilaghataran.hu\/wp-content\/uploads\/2025\/08\/anime-cat.jpg 300w, https:\/\/www.ketvilaghataran.hu\/wp-content\/uploads\/2025\/08\/anime-cat-14x12.jpg 14w\" sizes=\"auto, (max-width: 300px) 100vw, 300px\" \/><\/figure>\n<\/div>\n\n\n<div style=\"height:30px\" aria-hidden=\"true\" class=\"wp-block-spacer\"><\/div>\n\n\n\n<p class=\"has-text-align-center has-contrast-2-color has-text-color\" style=\"font-size:25px\">But don't give up!<\/p>\n\n\n\n<p class=\"has-text-align-center has-contrast-2-color has-text-color\" style=\"font-size:16px\">\ud83d\ude3c Let's see which page you're looking for\u2026<\/p>\n\n\n\n<p class=\"has-text-align-center has-contrast-2-color has-text-color\" style=\"font-size:16px\">Click on the top menu bar or one of the links below:<\/p>\n\n\n\n<div style=\"height:10px\" aria-hidden=\"true\" class=\"wp-block-spacer\"><\/div>\n\n\n\n<ul style=\"font-size:16px\" class=\"wp-block-list has-contrast-2-color has-text-color\">\n<li><a href=\"https:\/\/www.ketvilaghataran.hu\/\">Home page<\/a><\/li>\n\n\n\n<li><a href=\"https:\/\/www.ketvilaghataran.hu\/bejegyzesek\/\">Entries<\/a><\/li>\n\n\n\n<li><a href=\"https:\/\/www.ketvilaghataran.hu\/kapcsolat\/\">Contact<\/a><\/li>\n<\/ul>\n\n\n\n<div style=\"height:20px\" aria-hidden=\"true\" class=\"wp-block-spacer\"><\/div>\n\n\n\n<p class=\"has-text-align-center has-contrast-2-color has-text-color has-link-color wp-elements-db97678c0f649194cb4b58577c998448\" style=\"font-size:16px\">\ud83d\ude3a Or wander around as you please and explore the blog by clicking on any of the links...<\/p>\n\n\n\n<p class=\"has-text-align-center has-contrast-2-color has-text-color has-link-color wp-elements-95851e1f8516625d4dd91b1792742859\" style=\"font-size:25px\">\ud83d\udc3e<\/p>","protected":false},"excerpt":{"rendered":"<p>A keresett oldal nem tal\u00e1lhat\u00f3. Hopp\u00e1\u2026 most egy hib\u00e1ba \u00fctk\u00f6zt\u00e9l. De ne add fel! \ud83d\ude3c N\u00e9zz\u00fck, melyik oldalt keresed\u2026 Kattints a fels\u0151 men\u00fcsorra vagy al\u00e1bbi linkek valamelyik\u00e9re: \ud83d\ude3a Vagy kalandozz kedvedre \u00e9s fedezd fel a blogot, a megnyithat\u00f3 hivatkoz\u00e1sok b\u00e1rmelyik\u00e9n&#8230; \ud83d\udc3e<\/p>","protected":false},"author":1,"featured_media":0,"parent":0,"menu_order":0,"comment_status":"closed","ping_status":"closed","template":"","meta":{"footnotes":""},"class_list":["post-136","page","type-page","status-publish"],"_links":{"self":[{"href":"https:\/\/www.ketvilaghataran.hu\/en\/wp-json\/wp\/v2\/pages\/136","targetHints":{"allow":["GET"]}}],"collection":[{"href":"https:\/\/www.ketvilaghataran.hu\/en\/wp-json\/wp\/v2\/pages"}],"about":[{"href":"https:\/\/www.ketvilaghataran.hu\/en\/wp-json\/wp\/v2\/types\/page"}],"author":[{"embeddable":true,"href":"https:\/\/www.ketvilaghataran.hu\/en\/wp-json\/wp\/v2\/users\/1"}],"replies":[{"embeddable":true,"href":"https:\/\/www.ketvilaghataran.hu\/en\/wp-json\/wp\/v2\/comments?post=136"}],"version-history":[{"count":30,"href":"https:\/\/www.ketvilaghataran.hu\/en\/wp-json\/wp\/v2\/pages\/136\/revisions"}],"predecessor-version":[{"id":3537,"href":"https:\/\/www.ketvilaghataran.hu\/en\/wp-json\/wp\/v2\/pages\/136\/revisions\/3537"}],"wp:attachment":[{"href":"https:\/\/www.ketvilaghataran.hu\/en\/wp-json\/wp\/v2\/media?parent=136"}],"curies":[{"name":"wp","href":"https:\/\/api.w.org\/{rel}","templated":true}]}}