{"id":14,"date":"2023-06-17T14:59:28","date_gmt":"2023-06-17T12:59:28","guid":{"rendered":"https:\/\/www.ketvilaghataran.hu\/?page_id=14"},"modified":"2025-08-07T11:24:09","modified_gmt":"2025-08-07T09:24:09","slug":"vezetes","status":"publish","type":"page","link":"https:\/\/www.ketvilaghataran.hu\/en\/vezetes\/","title":{"rendered":"Leadership"},"content":{"rendered":"<div style=\"height:10px\" aria-hidden=\"true\" class=\"wp-block-spacer\"><\/div>\n\n\n<div class=\"wp-block-image\">\n<figure class=\"aligncenter size-full\"><img loading=\"lazy\" decoding=\"async\" width=\"370\" height=\"255\" src=\"https:\/\/www.ketvilaghataran.hu\/wp-content\/uploads\/2025\/08\/blog-leadership-new.jpg\" alt=\"\" class=\"wp-image-2730\" srcset=\"https:\/\/www.ketvilaghataran.hu\/wp-content\/uploads\/2025\/08\/blog-leadership-new.jpg 370w, https:\/\/www.ketvilaghataran.hu\/wp-content\/uploads\/2025\/08\/blog-leadership-new-300x207.jpg 300w, https:\/\/www.ketvilaghataran.hu\/wp-content\/uploads\/2025\/08\/blog-leadership-new-18x12.jpg 18w\" sizes=\"auto, (max-width: 370px) 100vw, 370px\" \/><\/figure>\n<\/div>\n\n\n<div style=\"height:30px\" aria-hidden=\"true\" class=\"wp-block-spacer\"><\/div>\n\n\n\n<p class=\"has-contrast-2-color has-text-color\" style=\"font-size:16px\">Our leadership is a pillar of our social system. It is a privileged group of people who, through their actions and decision-making positions, have a major impact on our world.<\/p>\n\n\n\n<p class=\"has-contrast-2-color has-text-color\" style=\"font-size:16px\">However, even this statement of just two sentences raises a myriad of problems. Ideally, this pillar should provide a solid support and, as a stable load-bearing element, help to spread the burden on society. Somehow, however, the real meaning of the word and the meaning we are to understand nowadays are quite far apart.<\/p>\n\n\n\n<p class=\"has-contrast-2-color has-text-color\" style=\"font-size:16px\">So one of the biggest tasks in this part of the blog will be to explain why, when you search for an image, only photos of businessmen and managers in suits come up in Stock Photo, or politicians in Google. All the way to why Aragorn, King of Gondor, from The Lord of the Rings, is on the cover photo.<\/p>\n\n\n\n<p class=\"has-contrast-2-color has-text-color\" style=\"font-size:16px\">Even if I have managed to make all this clear, I will still have an even bigger task ahead of me to explain why they have made the world a worse place. And in the following posts I will explain why.<\/p>\n\n\n\n<hr class=\"wp-block-separator has-text-color has-base-color has-alpha-channel-opacity has-base-background-color has-background\"\/>\n\n\n\n<p class=\"has-text-align-center has-contrast-2-color has-text-color\" style=\"font-size:16px\">You can view the grouped entries in this category by clicking on the link below:<\/p>\n\n\n\n<div class=\"wp-block-buttons is-content-justification-center is-nowrap is-layout-flex wp-container-core-buttons-is-layout-1fb9aab6 wp-block-buttons-is-layout-flex\">\n<div class=\"wp-block-button\"><a class=\"wp-block-button__link has-custom-font-size wp-element-button\" href=\"https:\/\/www.ketvilaghataran.hu\/category\/vezetes\/\" style=\"border-radius:0px;font-size:16px\">Leadership<\/a><\/div>\n<\/div>","protected":false},"excerpt":{"rendered":"<p>Vezet\u0151ink r\u00e9tege t\u00e1rsadalmi rendszer\u00fcnk egyik alappill\u00e9re. Azon emberek kiemelt csoportja, akik mindenkori tev\u00e9kenys\u00e9g\u00fcknek \u00e9s d\u00f6nt\u00e9si helyzet\u00fcknek k\u00f6sz\u00f6nhet\u0151en fokozott hat\u00e1ssal vannak a vil\u00e1gunkra. Azonban ez a mind\u00f6ssze k\u00e9t mondatnyi kijelent\u00e9s is, m\u00e1r sz\u00e1mtalan probl\u00e9m\u00e1t vet fel. Ide\u00e1lis esetben az eml\u00edtett alappill\u00e9r szil\u00e1rd t\u00e1maszt ny\u00fajt, \u00e9s mint egy stabil tehervisel\u0151 elem, seg\u00edt a t\u00e1rsadalmat \u00e9r\u0151 terhek eloszlat\u00e1s\u00e1ban. &#8230; <a title=\"Leadership\" class=\"read-more\" href=\"https:\/\/www.ketvilaghataran.hu\/en\/vezetes\/\" aria-label=\"Read more about Vezet\u00e9s\">Read more<\/a><\/p>","protected":false},"author":1,"featured_media":0,"parent":0,"menu_order":4,"comment_status":"closed","ping_status":"closed","template":"","meta":{"footnotes":""},"class_list":["post-14","page","type-page","status-publish"],"_links":{"self":[{"href":"https:\/\/www.ketvilaghataran.hu\/en\/wp-json\/wp\/v2\/pages\/14","targetHints":{"allow":["GET"]}}],"collection":[{"href":"https:\/\/www.ketvilaghataran.hu\/en\/wp-json\/wp\/v2\/pages"}],"about":[{"href":"https:\/\/www.ketvilaghataran.hu\/en\/wp-json\/wp\/v2\/types\/page"}],"author":[{"embeddable":true,"href":"https:\/\/www.ketvilaghataran.hu\/en\/wp-json\/wp\/v2\/users\/1"}],"replies":[{"embeddable":true,"href":"https:\/\/www.ketvilaghataran.hu\/en\/wp-json\/wp\/v2\/comments?post=14"}],"version-history":[{"count":10,"href":"https:\/\/www.ketvilaghataran.hu\/en\/wp-json\/wp\/v2\/pages\/14\/revisions"}],"predecessor-version":[{"id":2735,"href":"https:\/\/www.ketvilaghataran.hu\/en\/wp-json\/wp\/v2\/pages\/14\/revisions\/2735"}],"wp:attachment":[{"href":"https:\/\/www.ketvilaghataran.hu\/en\/wp-json\/wp\/v2\/media?parent=14"}],"curies":[{"name":"wp","href":"https:\/\/api.w.org\/{rel}","templated":true}]}}