{"id":16,"date":"2023-06-17T14:59:43","date_gmt":"2023-06-17T12:59:43","guid":{"rendered":"https:\/\/www.ketvilaghataran.hu\/?page_id=16"},"modified":"2025-08-07T11:25:30","modified_gmt":"2025-08-07T09:25:30","slug":"szemlelet","status":"publish","type":"page","link":"https:\/\/www.ketvilaghataran.hu\/en\/szemlelet\/","title":{"rendered":"Worldview"},"content":{"rendered":"<div style=\"height:10px\" aria-hidden=\"true\" class=\"wp-block-spacer\"><\/div>\n\n\n<div class=\"wp-block-image\">\n<figure class=\"aligncenter size-full\"><img loading=\"lazy\" decoding=\"async\" width=\"370\" height=\"254\" src=\"https:\/\/www.ketvilaghataran.hu\/wp-content\/uploads\/2025\/08\/blog-worldview-new.jpg\" alt=\"\" class=\"wp-image-2731\" srcset=\"https:\/\/www.ketvilaghataran.hu\/wp-content\/uploads\/2025\/08\/blog-worldview-new.jpg 370w, https:\/\/www.ketvilaghataran.hu\/wp-content\/uploads\/2025\/08\/blog-worldview-new-300x206.jpg 300w, https:\/\/www.ketvilaghataran.hu\/wp-content\/uploads\/2025\/08\/blog-worldview-new-18x12.jpg 18w\" sizes=\"auto, (max-width: 370px) 100vw, 370px\" \/><\/figure>\n<\/div>\n\n\n<div style=\"height:30px\" aria-hidden=\"true\" class=\"wp-block-spacer\"><\/div>\n\n\n\n<p class=\"has-contrast-2-color has-text-color\" style=\"font-size:16px\">Your worldview is a kind of creed that you represent in the world. It is a particular blend of self-image, ego and soul. Perhaps the most important thing in life that can characterize a person. A mixture of heart, soul, thoughts and dreams. Everything that defines your unity, that inner faith, poise, determination and harmony that can set you on the path your soul has chosen for you.<\/p>\n\n\n\n<p class=\"has-contrast-2-color has-text-color\" style=\"font-size:16px\">Values, principles that are more important to you than anything else. That you hold on to even when others don't understand, or when you are scolded or laughed at. No outside influences matter, if you are firm and determined to stick to them. You must believe in yourself, your principles, your dreams, your desires. No matter what happens, if you stand up for what you believe in or for those you believe in... you have done all you can.<\/p>\n\n\n\n<p class=\"has-contrast-2-color has-text-color\" style=\"font-size:16px\">Once you find that you value others more than yourself, and the former means the world, you should also know that you are on a very unique path. You are a pioneer. A forerunner. You lead others treading a trail for them. You are walking paths where few, if any, have gone before you. You do what no one else can do, while fighting the battles no one else could win. You learn in the process how to serve those who depend on you. Meanwhile, you help and teach them, and when necessary, protect them. For you are here to lift others up...<\/p>\n\n\n\n<p class=\"has-contrast-2-color has-text-color\" style=\"font-size:16px\">Viszont ez egy mag\u00e1nyos \u00fat, \u00e9s k\u00f6zben egyed\u00fcl leszel. Neh\u00e9z lesz, mert ezt a hatalmas terhet egyed\u00fcl kell vinned. De ez ad majd neked er\u0151t. Hitet \u00f6nmagadban. Az \u00e9let egys\u00e9g\u00e9ben, \u00e9s egyszer\u0171 sz\u00e9ps\u00e9g\u00e9ben. Te tudod azt, amit m\u00e1s nem. Nem nyomot kell hagynod magad ut\u00e1n, hanem utat kell tal\u00e1lnod a vil\u00e1g \u00fatveszt\u0151j\u00e9ben. A te felel\u0151ss\u00e9ged el\u0151re vinni a vil\u00e1got, \u00e9s ugyan ki lenne erre k\u00e9pes, ha nem te?<\/p>\n\n\n\n<hr class=\"wp-block-separator has-text-color has-base-color has-alpha-channel-opacity has-base-background-color has-background\"\/>\n\n\n\n<p class=\"has-text-align-center has-contrast-2-color has-text-color\" style=\"font-size:16px\">You can view the grouped entries in this category by clicking on the link below:<\/p>\n\n\n\n<div class=\"wp-block-buttons is-content-justification-center is-nowrap is-layout-flex wp-container-core-buttons-is-layout-1fb9aab6 wp-block-buttons-is-layout-flex\">\n<div class=\"wp-block-button\"><a class=\"wp-block-button__link has-custom-font-size wp-element-button\" href=\"https:\/\/www.ketvilaghataran.hu\/category\/szemlelet\/\" style=\"border-radius:0px;font-size:16px\">Worldview<\/a><\/div>\n<\/div>","protected":false},"excerpt":{"rendered":"<p>A szeml\u00e9letm\u00f3d egyfajta hitvall\u00e1s, melyet a vil\u00e1gban k\u00e9pviselsz. K\u00fcl\u00f6n\u00f6s elegye az \u00e9nk\u00e9pnek, az egonak, a l\u00e9leknek. Tal\u00e1n a legfontosabb dolog az \u00e9letben, amely jellemezheti az embert. A sz\u00edv, a l\u00e9lek, a gondolatok \u00e9s az \u00e1lmok kever\u00e9ke. Minden, ami meghat\u00e1rozza az egys\u00e9ged. Azt a bels\u0151 hitet, tart\u00e1st, elt\u00f6k\u00e9lts\u00e9get \u00e9s harm\u00f3ni\u00e1t, amit meglelve r\u00e1l\u00e9phetsz arra az \u00fatra, &#8230; <a title=\"Worldview\" class=\"read-more\" href=\"https:\/\/www.ketvilaghataran.hu\/en\/szemlelet\/\" aria-label=\"Read more about Szeml\u00e9let\">Read more<\/a><\/p>","protected":false},"author":1,"featured_media":0,"parent":0,"menu_order":5,"comment_status":"closed","ping_status":"closed","template":"","meta":{"footnotes":""},"class_list":["post-16","page","type-page","status-publish"],"_links":{"self":[{"href":"https:\/\/www.ketvilaghataran.hu\/en\/wp-json\/wp\/v2\/pages\/16","targetHints":{"allow":["GET"]}}],"collection":[{"href":"https:\/\/www.ketvilaghataran.hu\/en\/wp-json\/wp\/v2\/pages"}],"about":[{"href":"https:\/\/www.ketvilaghataran.hu\/en\/wp-json\/wp\/v2\/types\/page"}],"author":[{"embeddable":true,"href":"https:\/\/www.ketvilaghataran.hu\/en\/wp-json\/wp\/v2\/users\/1"}],"replies":[{"embeddable":true,"href":"https:\/\/www.ketvilaghataran.hu\/en\/wp-json\/wp\/v2\/comments?post=16"}],"version-history":[{"count":11,"href":"https:\/\/www.ketvilaghataran.hu\/en\/wp-json\/wp\/v2\/pages\/16\/revisions"}],"predecessor-version":[{"id":2737,"href":"https:\/\/www.ketvilaghataran.hu\/en\/wp-json\/wp\/v2\/pages\/16\/revisions\/2737"}],"wp:attachment":[{"href":"https:\/\/www.ketvilaghataran.hu\/en\/wp-json\/wp\/v2\/media?parent=16"}],"curies":[{"name":"wp","href":"https:\/\/api.w.org\/{rel}","templated":true}]}}