{"id":18,"date":"2023-06-17T15:00:13","date_gmt":"2023-06-17T13:00:13","guid":{"rendered":"https:\/\/www.ketvilaghataran.hu\/?page_id=18"},"modified":"2025-08-10T11:18:57","modified_gmt":"2025-08-10T09:18:57","slug":"alkotas","status":"publish","type":"page","link":"https:\/\/www.ketvilaghataran.hu\/en\/alkotas\/","title":{"rendered":"Creation"},"content":{"rendered":"<div style=\"height:10px\" aria-hidden=\"true\" class=\"wp-block-spacer\"><\/div>\n\n\n<div class=\"wp-block-image\">\n<figure class=\"aligncenter size-full\"><img loading=\"lazy\" decoding=\"async\" width=\"370\" height=\"255\" src=\"https:\/\/www.ketvilaghataran.hu\/wp-content\/uploads\/2025\/08\/blog-creation-new.jpg\" alt=\"\" class=\"wp-image-2801\" srcset=\"https:\/\/www.ketvilaghataran.hu\/wp-content\/uploads\/2025\/08\/blog-creation-new.jpg 370w, https:\/\/www.ketvilaghataran.hu\/wp-content\/uploads\/2025\/08\/blog-creation-new-300x207.jpg 300w, https:\/\/www.ketvilaghataran.hu\/wp-content\/uploads\/2025\/08\/blog-creation-new-18x12.jpg 18w\" sizes=\"auto, (max-width: 370px) 100vw, 370px\" \/><\/figure>\n<\/div>\n\n\n<div style=\"height:30px\" aria-hidden=\"true\" class=\"wp-block-spacer\"><\/div>\n\n\n\n<p class=\"has-contrast-2-color has-text-color\" style=\"font-size:16px\">Creation is the specific and unique realisation of self-expression. Regardless of the form it takes, the artist transmits the external influences they perceive from the world, relying on their unique and sensitive vision - deeply experienced internally and then transformed within themselves - through their own individual artistic approach, which is characteristic of their style.<\/p>\n\n\n\n<p class=\"has-contrast-2-color has-text-color\" style=\"font-size:16px\">Their own thoughts, feelings from the depths of their soul. An imprint of the emotional world born of the inspiration of the moment. A level of creation that art knows only as a state of flow. Because the creation is not conscious, the artist still does not understand its message, and will often understand its true meaning only years later.<\/p>\n\n\n\n<hr class=\"wp-block-separator has-text-color has-base-color has-alpha-channel-opacity has-base-background-color has-background\"\/>\n\n\n\n<p class=\"has-text-align-center has-contrast-2-color has-text-color\" style=\"font-size:16px\">You can view the grouped entries in this category by clicking on the link below:<\/p>\n\n\n\n<div class=\"wp-block-buttons is-content-justification-center is-nowrap is-layout-flex wp-container-core-buttons-is-layout-94bc23d7 wp-block-buttons-is-layout-flex\">\n<div class=\"wp-block-button\"><a class=\"wp-block-button__link has-custom-font-size wp-element-button\" href=\"https:\/\/www.ketvilaghataran.hu\/category\/alkotas\/\" style=\"border-radius:0px;font-size:16px\">Creation<\/a><\/div>\n<\/div>","protected":false},"excerpt":{"rendered":"<p>Az \u00f6nkifejez\u00e9s saj\u00e1tos \u00e9s egyedi megval\u00f3s\u00edt\u00e1sa. F\u00fcggetlen\u00fcl att\u00f3l, hogy milyen form\u00e1ban \u00f6lt testet, az alkot\u00f3 a vil\u00e1gb\u00f3l \u00e9rz\u00e9kelt k\u00fcls\u0151 behat\u00e1sokat, k\u00fcl\u00f6nleges \u00e9s \u00e9rz\u00e9keny l\u00e1t\u00e1sm\u00f3dj\u00e1ra t\u00e1maszkodva \u2013 bel\u00fcl m\u00e9lyen \u00e1t\u00e9lve, majd saj\u00e1t mag\u00e1n \u00e1ttranszform\u00e1lva \u2013 adja tov\u00e1bb egy\u00e9ni, st\u00edlus\u00e1ban r\u00e1 jellemz\u0151 m\u0171v\u00e9szi szeml\u00e9let\u00e9n kereszt\u00fcl. Saj\u00e1t gondolatok, \u00e9rz\u00e9sek a l\u00e9lek m\u00e9ly\u00e9r\u0151l el\u0151t\u00f6rve. A pillanatnyi ihlet sz\u00fclte \u00e9rzelmi &#8230; <a title=\"Creation\" class=\"read-more\" href=\"https:\/\/www.ketvilaghataran.hu\/en\/alkotas\/\" aria-label=\"Read more about Alkot\u00e1s\">Read more<\/a><\/p>","protected":false},"author":1,"featured_media":0,"parent":0,"menu_order":6,"comment_status":"closed","ping_status":"closed","template":"","meta":{"footnotes":""},"class_list":["post-18","page","type-page","status-publish"],"_links":{"self":[{"href":"https:\/\/www.ketvilaghataran.hu\/en\/wp-json\/wp\/v2\/pages\/18","targetHints":{"allow":["GET"]}}],"collection":[{"href":"https:\/\/www.ketvilaghataran.hu\/en\/wp-json\/wp\/v2\/pages"}],"about":[{"href":"https:\/\/www.ketvilaghataran.hu\/en\/wp-json\/wp\/v2\/types\/page"}],"author":[{"embeddable":true,"href":"https:\/\/www.ketvilaghataran.hu\/en\/wp-json\/wp\/v2\/users\/1"}],"replies":[{"embeddable":true,"href":"https:\/\/www.ketvilaghataran.hu\/en\/wp-json\/wp\/v2\/comments?post=18"}],"version-history":[{"count":10,"href":"https:\/\/www.ketvilaghataran.hu\/en\/wp-json\/wp\/v2\/pages\/18\/revisions"}],"predecessor-version":[{"id":2802,"href":"https:\/\/www.ketvilaghataran.hu\/en\/wp-json\/wp\/v2\/pages\/18\/revisions\/2802"}],"wp:attachment":[{"href":"https:\/\/www.ketvilaghataran.hu\/en\/wp-json\/wp\/v2\/media?parent=18"}],"curies":[{"name":"wp","href":"https:\/\/api.w.org\/{rel}","templated":true}]}}