{"id":20,"date":"2023-06-17T15:00:25","date_gmt":"2023-06-17T13:00:25","guid":{"rendered":"https:\/\/www.ketvilaghataran.hu\/?page_id=20"},"modified":"2025-08-30T16:15:06","modified_gmt":"2025-08-30T14:15:06","slug":"kozlemeny","status":"publish","type":"page","link":"https:\/\/www.ketvilaghataran.hu\/en\/kozlemeny\/","title":{"rendered":"Announcements"},"content":{"rendered":"<div style=\"height:10px\" aria-hidden=\"true\" class=\"wp-block-spacer\"><\/div>\n\n\n<div class=\"wp-block-image\">\n<figure class=\"aligncenter size-full\"><img loading=\"lazy\" decoding=\"async\" width=\"370\" height=\"254\" src=\"https:\/\/www.ketvilaghataran.hu\/wp-content\/uploads\/2025\/08\/blog-announcements-new.jpg\" alt=\"\" class=\"wp-image-2753\" srcset=\"https:\/\/www.ketvilaghataran.hu\/wp-content\/uploads\/2025\/08\/blog-announcements-new.jpg 370w, https:\/\/www.ketvilaghataran.hu\/wp-content\/uploads\/2025\/08\/blog-announcements-new-300x206.jpg 300w, https:\/\/www.ketvilaghataran.hu\/wp-content\/uploads\/2025\/08\/blog-announcements-new-18x12.jpg 18w\" sizes=\"auto, (max-width: 370px) 100vw, 370px\" \/><\/figure>\n<\/div>\n\n\n<div style=\"height:30px\" aria-hidden=\"true\" class=\"wp-block-spacer\"><\/div>\n\n\n\n<p class=\"has-contrast-2-color has-text-color\" style=\"font-size:16px\">A new page has been added to the blog structure. This is where any changes to the website will be shared, and there will be plenty of them in the near future. For the moment, they are still just plans and ideas, but in time everything will fall into place. I will share more about these changes in separate posts.<\/p>\n\n\n\n<hr class=\"wp-block-separator has-text-color has-base-color has-alpha-channel-opacity has-base-background-color has-background\"\/>\n\n\n\n<p class=\"has-text-align-center has-contrast-2-color has-text-color\" style=\"font-size:16px\">You can view the grouped entries in this category by clicking on the link below:<\/p>\n\n\n\n<div class=\"wp-block-buttons is-content-justification-center is-nowrap is-layout-flex wp-container-core-buttons-is-layout-94bc23d7 wp-block-buttons-is-layout-flex\">\n<div class=\"wp-block-button\"><a class=\"wp-block-button__link has-custom-font-size wp-element-button\" href=\"https:\/\/www.ketvilaghataran.hu\/category\/kozlemeny\/\" style=\"border-radius:0px;font-size:16px\">Announcements<\/a><\/div>\n<\/div>\n\n\n\n<hr class=\"wp-block-separator has-text-color has-base-color has-alpha-channel-opacity has-base-background-color has-background\"\/>\n\n\n\n<h2 class=\"wp-block-heading has-contrast-2-color has-text-color has-link-color wp-elements-ccd7b2fc830f3b942345781b3d99297e\" style=\"font-size:25px\">\ud83d\udcf0 R\u00e9gebbi h\u00edrek<\/h2>\n\n\n\n<p class=\"has-contrast-2-color has-text-color has-link-color has-small-font-size wp-elements-d43517057a9e8a72a53f4db2d1216145\">2025.02.28.<\/p>\n\n\n\n<div style=\"height:10px\" aria-hidden=\"true\" class=\"wp-block-spacer\"><\/div>\n\n\n<div class=\"wp-block-image\">\n<figure class=\"aligncenter size-full\"><img loading=\"lazy\" decoding=\"async\" width=\"370\" height=\"255\" src=\"https:\/\/www.ketvilaghataran.hu\/wp-content\/uploads\/2025\/08\/blog-news-new.jpg\" alt=\"\" class=\"wp-image-2739\" srcset=\"https:\/\/www.ketvilaghataran.hu\/wp-content\/uploads\/2025\/08\/blog-news-new.jpg 370w, https:\/\/www.ketvilaghataran.hu\/wp-content\/uploads\/2025\/08\/blog-news-new-300x207.jpg 300w, https:\/\/www.ketvilaghataran.hu\/wp-content\/uploads\/2025\/08\/blog-news-new-18x12.jpg 18w\" sizes=\"auto, (max-width: 370px) 100vw, 370px\" \/><\/figure>\n<\/div>\n\n\n<div style=\"height:30px\" aria-hidden=\"true\" class=\"wp-block-spacer\"><\/div>\n\n\n\n<p class=\"has-contrast-2-color has-text-color has-link-color wp-elements-cdd252f339f11475b4d4612f913b1c04\" style=\"font-size:16px\">Az elm\u00falt h\u00f3napokban kicsit elcsendes\u00fclt a blog, \u00edgy hamarosan ennek mi\u00e9rtj\u00e9r\u0151l \u2013 egy vagy k\u00e9t, ehhez kapcsol\u00f3d\u00f3 bejegyz\u00e9sben \u2013 b\u0151vebben besz\u00e1molok. Ennek ok\u00e1n mostan\u00e1ban, sajnos nem ker\u00fclt fel \u00fajabb tartalom sem. Azonban a h\u00e1tt\u00e9rben zajlanak bizonyos folyamatok \u00e9s term\u00e9szetesen j\u00e1rnak a fogaskerekek is, a k\u00f6zelg\u0151 posztok tartalm\u00e1n.<\/p>\n\n\n\n<p class=\"has-contrast-2-color has-text-color has-link-color wp-elements-cc916386385faa5063dab64b1d013ee6\" style=\"font-size:16px\">Az oldal viszont a mai napon kapott egy kis grafikai design friss\u00edt\u00e9st, alkalmazkodva az eddigi z\u00f6ld-barna sablon sz\u00ednvil\u00e1g\u00e1hoz. A grafik\u00e1k AI k\u00e9pgener\u00e1torral k\u00e9sz\u00fcltek. Ennek k\u00f6sz\u00f6nhet\u0151en, helyenk\u00e9nt el\u00e9g viccesre siker\u00fcltek, de annyira tal\u00e1n m\u00e9gsem lett rossz az \u00f6sszhat\u00e1s.<\/p>\n\n\n\n<p class=\"has-contrast-2-color has-text-color has-link-color wp-elements-5109ea0157c4df214278575193f04a37\" style=\"font-size:16px\">Amit m\u00e9g fontos most megeml\u00edtenem, hogy az eddigi tartalmakhoz k\u00e9sz\u00fcltek r\u00f6vid mobilvide\u00f3k. Ezeket m\u00e1r el lehet \u00e9rni a <a href=\"https:\/\/www.facebook.com\/people\/K%C3%A9t-Vil%C3%A1g-Hat%C3%A1r%C3%A1n\/100087058801368\/?sk=reels_tab\" rel=\"nofollow noopener\" target=\"_blank\"><strong>facebook<\/strong><\/a>, \u00e9s az \u00fajonnan l\u00e9trehozott <a href=\"https:\/\/www.youtube.com\/@KetVilagHataran\" rel=\"nofollow noopener\" target=\"_blank\"><strong>YouTube<\/strong><\/a> csatorn\u00e1n is, reels \u00e9s shorts vide\u00f3k form\u00e1j\u00e1ban. Persze eml\u00e9kszem m\u00e9g arra, amikor azt \u00e1ll\u00edtottam, hogy vide\u00f3s csatorna biztosan nem lesz ezekre l\u00e9trehozva. Ez ut\u00f3bbi kijelent\u00e9semet, v\u00e9g\u00fcl is \u00e1t kellett gondolnom, mivel az itt k\u00f6zz\u00e9tett bejegyz\u00e9sek el\u00e9g terjedelmesek lettek. \u00cdgy, ha figyelembe vessz\u00fck azt, hogy ennyi id\u0151t sokan nem sz\u00e1nnak a le\u00edrt gondolataim elolvas\u00e1s\u00e1ra, tal\u00e1n \u00e9rthet\u0151 lesz ezen d\u00f6nt\u00e9sem. A vide\u00f3k viszont, egy\u00fattal remek lehet\u0151s\u00e9get adtak, a r\u00f6vid kiemelt gondolatok \u00e1tad\u00e1s\u00e1ra \u00e9s azoknak k\u00e9pi \u00e9s zenei eszk\u00f6z\u00f6kkel t\u00f6rt\u00e9n\u0151 kiemel\u00e9s\u00e9re. Ennek k\u00f6sz\u00f6nhet\u0151en, pedig siker\u00fclt tal\u00e1n egy kis \u00e9rzelmi t\u00f6ltetet is belecsemp\u00e9sznem vagy n\u00e9ha elrejtenem, a m\u00e9lyebb gondolatok k\u00f6z\u00f6tt. Ez teh\u00e1t, egyfajta el\u0151zetes kedvcsin\u00e1l\u00f3 a bejegyz\u00e9sekhez. Ett\u0151l f\u00fcggetlen\u00fcl, persze nem osztom azt a v\u00e9lem\u00e9nyt, hogy sok id\u0151be telik elolvasni egy-egy bejegyz\u00e9st. Mert el\u00e9g csak \u00f6sszehasonl\u00edtani az erre ford\u00edtott id\u0151t, azokkal a tartalmakkal \u00e9s vlogokkal, amelyeket p\u00e9ld\u00e1ul \u00e9n is rendszeresen figyelemmel k\u00eds\u00e9rek a vide\u00f3megoszt\u00f3 csatorn\u00e1kon. Az ut\u00f3bbi id\u0151kben ezek hossza, elk\u00e9peszt\u0151en megn\u0151tt. M\u00e1r csak elv\u00e9tve lehet, r\u00f6videbb 20 perces tartalmakkal tal\u00e1lkozni. Jellemz\u0151bbek lettek ink\u00e1bb, az elny\u00fajtott szak\u00e9rt\u0151i elemz\u00e9seknek k\u00f6sz\u00f6nhet\u0151, hosszabb besz\u00e9lget\u00e9sek \u00e9s m\u00e9lyinterj\u00fak. Ezek pedig alkalmank\u00e9nt, b\u0151ven 50 perc vagy m\u00e9g ann\u00e1l is j\u00f3val hosszabb ad\u00e1sid\u0151t jelentenek. \u00c9n ink\u00e1bb annak tudom be ezt a trendet, hogy az emberek t\u00f6bbs\u00e9ge ink\u00e1bb audiovizu\u00e1lis tartalomfogyaszt\u00f3v\u00e1 v\u00e1lt \u00e9s\/vagy jellemz\u0151en m\u00e1r sokaknak neh\u00e9zs\u00e9get okoz, egy-egy hosszabb terjedelm\u0171 \u00edr\u00e1s \u00e9s a t\u00f6bbsz\u00f6r\u00f6sen \u00f6sszetett mondatok sz\u00f6veg\u00e9rtelmez\u00e9se. Term\u00e9szetesen ezt a kijelent\u00e9semet, nem kell s\u00e9rt\u00e9snek venni. Rohan\u00f3 vil\u00e1gban \u00e9l\u00fcnk \u00e9s az emberek is folyamatosan v\u00e1ltoznak. \u00cdgy mindenki annak szenteli a figyelm\u00e9t \u00e9s arra ford\u00edtja a dr\u00e1ga idej\u00e9t, amire azt szeretn\u00e9. Ezt egyszer\u0171en csak el kell fogadni.<\/p>\n\n\n\n<p class=\"has-text-align-right has-contrast-2-color has-text-color has-link-color wp-elements-545a603dcc4c52fc7c9464bda19401f7\" style=\"font-size:16px\"><em>The author<\/em><\/p>\n\n\n\n<hr class=\"wp-block-separator has-text-color has-base-color has-alpha-channel-opacity has-base-background-color has-background\"\/>\n\n\n\n<p class=\"has-contrast-2-color has-text-color has-link-color has-small-font-size wp-elements-07f332c7820a5d20bc3de58df244367d\">2023.08.27.<\/p>\n\n\n\n<div style=\"height:10px\" aria-hidden=\"true\" class=\"wp-block-spacer\"><\/div>\n\n\n<div class=\"wp-block-image\">\n<figure class=\"aligncenter size-full\"><img loading=\"lazy\" decoding=\"async\" width=\"370\" height=\"253\" src=\"https:\/\/www.ketvilaghataran.hu\/wp-content\/uploads\/2025\/08\/blog-post3-new.jpg\" alt=\"\" class=\"wp-image-2758\" srcset=\"https:\/\/www.ketvilaghataran.hu\/wp-content\/uploads\/2025\/08\/blog-post3-new.jpg 370w, https:\/\/www.ketvilaghataran.hu\/wp-content\/uploads\/2025\/08\/blog-post3-new-300x205.jpg 300w, https:\/\/www.ketvilaghataran.hu\/wp-content\/uploads\/2025\/08\/blog-post3-new-18x12.jpg 18w\" sizes=\"auto, (max-width: 370px) 100vw, 370px\" \/><\/figure>\n<\/div>\n\n\n<div style=\"height:30px\" aria-hidden=\"true\" class=\"wp-block-spacer\"><\/div>\n\n\n\n<p class=\"has-contrast-2-color has-text-color has-link-color wp-elements-4293931fd4bd2f2f324959ad1c096576\" style=\"font-size:16px\">\u00dagy \u00e9rzem, a blog most egyfajta m\u00e9rf\u00f6ldk\u0151h\u00f6z \u00e9rkezett. \u00cdgy a legut\u00f3bbi k\u00f6zlem\u00e9nyt\u0151l elt\u00e9r\u0151en, szeretn\u00e9m a legut\u00f3bbi \u00e9s a jelenleg m\u00e9g szerkeszt\u00e9s alatt \u00e1ll\u00f3 bejegyz\u00e9sem is ingyenesen megosztani. Ennek oka, hogy kiemelten fontos \u00e9s aktu\u00e1lis t\u00e9m\u00e1val foglalkozik, amely val\u00f3j\u00e1ban az \u00f6sszes eddigi poszt gondolatis\u00e1g\u00e1t \u00e9rinti. Ez az egyedi d\u00f6nt\u00e9s, senkit sem fog h\u00e1tr\u00e1nyosan \u00e9rinteni. Mivel eddig m\u00e9g nem \u00e9rkezett el\u0151fizet\u00e9s a tartalomra, \u00edgy senki sem lesz becsapva ezzel. K\u00e9rek mindenkit, hogy figyelmesen olvassa el a bejegyz\u00e9seket \u00e9s pr\u00f3b\u00e1lja azt logikusan \u00f6sszevetni, az eddigi megosztott tartalmakkal \u00e9s a vil\u00e1gunkban l\u00e1that\u00f3 t\u00f6rt\u00e9n\u00e9sekkel. Gondolkozzatok el m\u00e9lyebben a posztok \u00fczenet\u00e9n \u00e9s tegyetek fel bels\u0151 k\u00e9rd\u00e9seket \u00d6nmagatoknak. Cser\u00e9be mind\u00f6ssze annyit k\u00e9rn\u00e9k, hogy ossz\u00e1tok tov\u00e1bb a tartalom linkj\u00e9t, hogy eljuthasson azokhoz is, akik hasonl\u00f3 vil\u00e1gl\u00e1t\u00e1ssal rendelkeznek.<\/p>\n\n\n\n<p class=\"has-text-align-right has-contrast-2-color has-text-color has-link-color wp-elements-4ac3ed24197ac0ebf86610181d6fdbec\" style=\"font-size:16px\"><em>The author<\/em><\/p>\n\n\n\n<hr class=\"wp-block-separator has-text-color has-base-color has-alpha-channel-opacity has-base-background-color has-background\"\/>\n\n\n\n<p class=\"has-contrast-2-color has-text-color has-link-color has-small-font-size wp-elements-09412c1229c51f6aca99389535e5ba68\">2023.08.08.<\/p>\n\n\n\n<div style=\"height:10px\" aria-hidden=\"true\" class=\"wp-block-spacer\"><\/div>\n\n\n<div class=\"wp-block-image\">\n<figure class=\"aligncenter size-full\"><img loading=\"lazy\" decoding=\"async\" width=\"370\" height=\"253\" src=\"https:\/\/www.ketvilaghataran.hu\/wp-content\/uploads\/2025\/08\/blog-post2-new.jpg\" alt=\"\" class=\"wp-image-2759\" srcset=\"https:\/\/www.ketvilaghataran.hu\/wp-content\/uploads\/2025\/08\/blog-post2-new.jpg 370w, https:\/\/www.ketvilaghataran.hu\/wp-content\/uploads\/2025\/08\/blog-post2-new-300x205.jpg 300w, https:\/\/www.ketvilaghataran.hu\/wp-content\/uploads\/2025\/08\/blog-post2-new-18x12.jpg 18w\" sizes=\"auto, (max-width: 370px) 100vw, 370px\" \/><\/figure>\n<\/div>\n\n\n<div style=\"height:30px\" aria-hidden=\"true\" class=\"wp-block-spacer\"><\/div>\n\n\n\n<p class=\"has-contrast-2-color has-text-color has-link-color wp-elements-d4bce7947c562ecf6bd15c3ed454d486\" style=\"font-size:16px\">A mai napt\u00f3l kezdve &#8211; a legut\u00f3bbi k\u00f6zlem\u00e9nynek megfelel\u0151en &#8211; elindult a blog \u00faj bejegyz\u00e9seinek elrejt\u00e9se. A tov\u00e1bbi tartalomhoz t\u00f6rt\u00e9n\u0151 hozz\u00e1f\u00e9r\u00e9s, el\u0151zetes regisztr\u00e1ci\u00f3t \u00e9s el\u0151fizet\u00e9st fog ig\u00e9nyelni. Ennek okait m\u00e1r r\u00e9szletesen megosztottam. A regisztr\u00e1ci\u00f3 folyamata \u00e9s azt k\u00f6vet\u0151en a bel\u00e9p\u00e9s, a <a href=\"https:\/\/www.donably.com\/hu\/\" target=\"_blank\" rel=\"noreferrer noopener nofollow\"><strong>Donably<\/strong><\/a> rendszer\u00e9n kereszt\u00fcl t\u00f6rt\u00e9nik, m\u00edg a fizet\u00e9si szolg\u00e1ltat\u00e1st a <a href=\"https:\/\/www.barion.com\/hu\/\" target=\"_blank\" rel=\"noreferrer noopener nofollow\"><strong>Barion<\/strong><\/a> ny\u00fajtja. Az \u00edg\u00e9retnek megfelel\u0151en, az eddigi posztok visszavon\u00e1sig, ingyenesen megtekinthet\u0151ek maradnak. Illetve az alkalmank\u00e9nt megosztott, blogot \u00e9rint\u0151 v\u00e1ltoz\u00e1sok &#8211; k\u00f6zlem\u00e9ny form\u00e1j\u00e1ban &#8211; szint\u00e9n nyilv\u00e1nosak lesznek. Rem\u00e9lem, siker\u00fcl a tartalommal olyan egyedi szeml\u00e9letet \u00e9s m\u00e9ly gondolatokat \u00e1tadni, ami\u00e9rt \u00e9rdemes lesz ezt a v\u00e1lasztott anyagi \u00e1ldozatot meghozni \u00e9s amely val\u00f3ban meg\u00e9rdemli, a blog fel\u00fclet\u00e9n olvas\u00e1ssal eltelt szabadid\u0151t.<\/p>\n\n\n\n<p class=\"has-text-align-right has-contrast-2-color has-text-color has-link-color wp-elements-545a603dcc4c52fc7c9464bda19401f7\" style=\"font-size:16px\"><em>The author<\/em><\/p>\n\n\n\n<hr class=\"wp-block-separator has-text-color has-base-color has-alpha-channel-opacity has-base-background-color has-background\"\/>\n\n\n\n<p class=\"has-contrast-2-color has-text-color has-link-color has-small-font-size wp-elements-9100ec7b210d6102fef9c1d3053cb914\">2023.06.19.<\/p>\n\n\n\n<div style=\"height:10px\" aria-hidden=\"true\" class=\"wp-block-spacer\"><\/div>\n\n\n<div class=\"wp-block-image\">\n<figure class=\"aligncenter size-full\"><img loading=\"lazy\" decoding=\"async\" width=\"370\" height=\"254\" src=\"https:\/\/www.ketvilaghataran.hu\/wp-content\/uploads\/2025\/08\/blog-website-new.jpg\" alt=\"\" class=\"wp-image-2763\" srcset=\"https:\/\/www.ketvilaghataran.hu\/wp-content\/uploads\/2025\/08\/blog-website-new.jpg 370w, https:\/\/www.ketvilaghataran.hu\/wp-content\/uploads\/2025\/08\/blog-website-new-300x206.jpg 300w, https:\/\/www.ketvilaghataran.hu\/wp-content\/uploads\/2025\/08\/blog-website-new-18x12.jpg 18w\" sizes=\"auto, (max-width: 370px) 100vw, 370px\" \/><\/figure>\n<\/div>\n\n\n<div style=\"height:30px\" aria-hidden=\"true\" class=\"wp-block-spacer\"><\/div>\n\n\n\n<p class=\"has-contrast-2-color has-text-color\" style=\"font-size:16px\">As of today, the site has been completely relaunched. It is now self-hosted and has been moved from the previous paid blog provider to a new and larger rented web hosting space.<\/p>\n\n\n\n<p class=\"has-contrast-2-color has-text-color\" style=\"font-size:16px\">Thus the blog has undergone significant changes. The main design has basically remained the same, but it has been given a slightly cleaner and more modern look, while at the same time it has become more transparent and organised.<br>New features and enhancements have also been added, making the site much more user-friendly. This has significantly improved the user experience and convenience.<\/p>\n\n\n\n<p class=\"has-contrast-2-color has-text-color\" style=\"font-size:16px\">Just to mention a few new features and changes:<\/p>\n\n\n\n<ul style=\"font-size:16px\" class=\"wp-block-list has-contrast-2-color has-text-color\">\n<li>The blog has become bilingual (Hungarian-English), as recently announced<\/li>\n\n\n\n<li>You can switch between languages by clicking on the menu items marked with small flags in the menu bar<\/li>\n\n\n\n<li>For the moment, only the structure of the website has been translated<\/li>\n\n\n\n<li>Later, all entries will be translated as my possibilities allow me<\/li>\n\n\n\n<li>A leford\u00edtott posztok \u201eAngol (UK)\u201d&nbsp;m\u00edg az el\u0151k\u00e9sz\u00fcletben l\u00e9v\u0151k&nbsp;\u201eFord\u00edt\u00e1s alatt\u2026\u201d&nbsp;c\u00edmk\u00e9t kaptak<\/li>\n\n\n\n<li>Below recent posts, the last 6 posts have been listed in the right sidebar<\/li>\n\n\n\n<li>The layout and the static category pages of the entries, with introductory text, have been retained<\/li>\n\n\n\n<li>All entries can be found in a separate menu, also in the order of publication<\/li>\n\n\n\n<li>Or, for quicker access, they are also available in the right sidebar, broken down into categories<\/li>\n\n\n\n<li>Also on the right sidebar is a tag cloud, which makes available the entries linked to a given keyword, while also showing its frequency of occurrence<\/li>\n\n\n\n<li>There is also a search box in the right sidebar to filter the content for a particular word or phrase<\/li>\n\n\n\n<li>A cookie management page and associated notification interface have also been created<\/li>\n\n\n\n<li>The sponsorship link has been highlighted and fixed in place, making it less intrusive<\/li>\n\n\n\n<li>A \"Go to top\" button appears when scrolling<\/li>\n\n\n\n<li>The page has been given a favicon. This makes it easier to navigate when browsing multiple pages<\/li>\n<\/ul>\n\n\n\n<p class=\"has-contrast-2-color has-text-color\" style=\"font-size:16px\">For more information on the changes, see the link under Announcements.<\/p>\n\n\n\n<p class=\"has-contrast-2-color has-text-color\" style=\"font-size:16px\">Hope you like the new features. Enjoy reading the blog...<\/p>\n\n\n\n<p class=\"has-text-align-right has-contrast-2-color has-text-color has-link-color wp-elements-545a603dcc4c52fc7c9464bda19401f7\" style=\"font-size:16px\"><em>The author<\/em><\/p>\n\n\n\n<p class=\"has-contrast-2-color has-text-color has-link-color has-small-font-size wp-elements-0fbf3782748df65828a4b33c623f0a8f\">*Megjegyz\u00e9s: A magyar nyelv\u0171 sz\u00f6vegb\u0151l t\u00f6r\u00f6ln\u00f6m kellett a konkr\u00e9t funkci\u00f3k \u00e9s a hivatkoz\u00e1sok kiemelt form\u00e1z\u00e1s\u00e1t (<em>d\u0151lt<\/em> \u00e9s <strong>f\u00e9lk\u00f6v\u00e9r<\/strong> bet\u0171k), mert a ford\u00edt\u00f3 b\u0151v\u00edtm\u00e9ny ennek k\u00f6sz\u00f6nhet\u0151en sz\u00e9tt\u00f6redezi az eredeti forr\u00e1s sz\u00f6veget. Ez sajnos a blog teljes sz\u00f6veges tartalm\u00e1ra \u00e9rv\u00e9nyes lesz.<\/p>","protected":false},"excerpt":{"rendered":"<p>\u00daj oldallal b\u0151v\u00fclt a blog szerkezete. Itt lesznek megosztva a weboldalt \u00e9rint\u0151 esetleges v\u00e1ltoz\u00e1sok, amib\u0151l a k\u00f6zelj\u00f6v\u0151ben lesz b\u0151ven. Egyel\u0151re m\u00e9g csak tervekben \u00e9s elk\u00e9pzel\u00e9sekben l\u00e9teznek, de id\u0151vel minden a hely\u00e9re fog ker\u00fclni. B\u0151vebben, k\u00fcl\u00f6n bejegyz\u00e9sek keret\u00e9ben fogom ezeket a v\u00e1ltoz\u00e1sokat megosztani. A kateg\u00f3ria csoportos\u00edtott bejegyz\u00e9seit, az al\u00e1bbi linkre kattintva tekintheted meg: \ud83d\udcf0 R\u00e9gebbi h\u00edrek &#8230; <a title=\"Announcements\" class=\"read-more\" href=\"https:\/\/www.ketvilaghataran.hu\/en\/kozlemeny\/\" aria-label=\"Read more about K\u00f6zlem\u00e9ny\">Read more<\/a><\/p>","protected":false},"author":1,"featured_media":0,"parent":0,"menu_order":7,"comment_status":"closed","ping_status":"closed","template":"","meta":{"footnotes":""},"class_list":["post-20","page","type-page","status-publish"],"_links":{"self":[{"href":"https:\/\/www.ketvilaghataran.hu\/en\/wp-json\/wp\/v2\/pages\/20","targetHints":{"allow":["GET"]}}],"collection":[{"href":"https:\/\/www.ketvilaghataran.hu\/en\/wp-json\/wp\/v2\/pages"}],"about":[{"href":"https:\/\/www.ketvilaghataran.hu\/en\/wp-json\/wp\/v2\/types\/page"}],"author":[{"embeddable":true,"href":"https:\/\/www.ketvilaghataran.hu\/en\/wp-json\/wp\/v2\/users\/1"}],"replies":[{"embeddable":true,"href":"https:\/\/www.ketvilaghataran.hu\/en\/wp-json\/wp\/v2\/comments?post=20"}],"version-history":[{"count":23,"href":"https:\/\/www.ketvilaghataran.hu\/en\/wp-json\/wp\/v2\/pages\/20\/revisions"}],"predecessor-version":[{"id":3168,"href":"https:\/\/www.ketvilaghataran.hu\/en\/wp-json\/wp\/v2\/pages\/20\/revisions\/3168"}],"wp:attachment":[{"href":"https:\/\/www.ketvilaghataran.hu\/en\/wp-json\/wp\/v2\/media?parent=20"}],"curies":[{"name":"wp","href":"https:\/\/api.w.org\/{rel}","templated":true}]}}