{"id":22,"date":"2023-06-17T15:00:38","date_gmt":"2023-06-17T13:00:38","guid":{"rendered":"https:\/\/www.ketvilaghataran.hu\/?page_id=22"},"modified":"2025-08-30T07:16:32","modified_gmt":"2025-08-30T05:16:32","slug":"kapcsolat","status":"publish","type":"page","link":"https:\/\/www.ketvilaghataran.hu\/en\/kapcsolat\/","title":{"rendered":"Contact"},"content":{"rendered":"<div style=\"height:10px\" aria-hidden=\"true\" class=\"wp-block-spacer\"><\/div>\n\n\n<div class=\"wp-block-image\">\n<figure class=\"aligncenter size-full\"><img loading=\"lazy\" decoding=\"async\" width=\"370\" height=\"249\" src=\"https:\/\/www.ketvilaghataran.hu\/wp-content\/uploads\/2025\/08\/blog-contact-new.jpg\" alt=\"Kapcsolat - El\u00e9rhet\u0151s\u00e9g\" class=\"wp-image-2790\" srcset=\"https:\/\/www.ketvilaghataran.hu\/wp-content\/uploads\/2025\/08\/blog-contact-new.jpg 370w, https:\/\/www.ketvilaghataran.hu\/wp-content\/uploads\/2025\/08\/blog-contact-new-300x202.jpg 300w, https:\/\/www.ketvilaghataran.hu\/wp-content\/uploads\/2025\/08\/blog-contact-new-18x12.jpg 18w\" sizes=\"auto, (max-width: 370px) 100vw, 370px\" \/><\/figure>\n<\/div>\n\n\n<div style=\"height:30px\" aria-hidden=\"true\" class=\"wp-block-spacer\"><\/div>\n\n\n\n<p class=\"has-contrast-2-color has-text-color\" style=\"font-size:16px\">As with all creators, the desire to create comes first and causes a kind of inner urge, which will come to life as a message from the soul. This is followed by the ego's game, which, building on your previous experiences, breaks your wings and tramples your desire underfoot. Rationally arguing, it also stifles the germ of the need for self-expression:&nbsp;<em>\u201eCome on! Who cares about a few ideas hastily cobbled together? Why should the world be lacking in these ideas?\u201d<\/em><\/p>\n\n\n\n<p class=\"has-contrast-2-color has-text-color\" style=\"font-size:16px\"><strong><em>... and this will be the turning point.<\/em><\/strong><\/p>\n\n\n\n<p class=\"has-contrast-2-color has-text-color\" style=\"font-size:16px\">It will be a long time before you believe that you can create something of value in a cold and calculating world. It will be much longer before you find the way, and even longer before those thoughts are born and come to fruition. Eventually, you just have to find the courage and open the gates of your soul. You have to let out what you have been keeping inside... for the world.<\/p>\n\n\n\n<hr class=\"wp-block-separator has-text-color has-base-color has-alpha-channel-opacity has-base-background-color has-background\"\/>\n\n\n\n<div style=\"height:10px\" aria-hidden=\"true\" class=\"wp-block-spacer\"><\/div>\n\n\n<div class=\"wp-block-image\">\n<figure class=\"aligncenter size-full is-resized\"><img loading=\"lazy\" decoding=\"async\" width=\"600\" height=\"442\" src=\"https:\/\/www.ketvilaghataran.hu\/wp-content\/uploads\/2025\/08\/kvh-logo-transp.png\" alt=\"\" class=\"wp-image-3140\" style=\"width:480px\" srcset=\"https:\/\/www.ketvilaghataran.hu\/wp-content\/uploads\/2025\/08\/kvh-logo-transp.png 600w, https:\/\/www.ketvilaghataran.hu\/wp-content\/uploads\/2025\/08\/kvh-logo-transp-300x221.png 300w, https:\/\/www.ketvilaghataran.hu\/wp-content\/uploads\/2025\/08\/kvh-logo-transp-16x12.png 16w\" sizes=\"auto, (max-width: 600px) 100vw, 600px\" \/><\/figure>\n<\/div>\n\n\n<div style=\"height:30px\" aria-hidden=\"true\" class=\"wp-block-spacer\"><\/div>\n\n\n\n<p class=\"has-text-align-center has-contrast-2-color has-text-color\" style=\"font-size:16px\"><strong><br>On the Border of Two Worlds - WORLDVIEW BLOG<\/strong><\/p>\n\n\n\n<p class=\"has-text-align-center has-contrast-2-color has-text-color\" style=\"font-size:16px\">Author of the blog:&nbsp;<strong><em>Laszlo Karaszi<\/em><\/strong><\/p>\n\n\n\n<p class=\"has-text-align-center has-contrast-2-color has-text-color\" style=\"font-size:16px\"><strong>Contact details:<\/strong><\/p>\n\n\n\n<p class=\"has-text-align-center has-contrast-2-color has-text-color\" style=\"font-size:16px\">Sending email and social media links:<\/p>\n\n\n\n<div style=\"height:30px\" aria-hidden=\"true\" class=\"wp-block-spacer\"><\/div>\n\n\n\n<ul class=\"wp-block-social-links has-visible-labels is-style-logos-only is-content-justification-center is-nowrap is-layout-flex wp-container-core-social-links-is-layout-94bc23d7 wp-block-social-links-is-layout-flex\"><li class=\"wp-social-link wp-social-link-mail  wp-block-social-link\"><a rel=\"noopener nofollow\" target=\"_blank\" href=\"mailto:info@ketvilaghataran.hu\" class=\"wp-block-social-link-anchor\"><svg width=\"24\" height=\"24\" viewbox=\"0 0 24 24\" version=\"1.1\" xmlns=\"http:\/\/www.w3.org\/2000\/svg\" aria-hidden=\"true\" focusable=\"false\"><path d=\"M19,5H5c-1.1,0-2,.9-2,2v10c0,1.1.9,2,2,2h14c1.1,0,2-.9,2-2V7c0-1.1-.9-2-2-2zm.5,12c0,.3-.2.5-.5.5H5c-.3,0-.5-.2-.5-.5V9.8l7.5,5.6,7.5-5.6V17zm0-9.1L12,13.6,4.5,7.9V7c0-.3.2-.5.5-.5h14c.3,0,.5.2.5.5v.9z\"><\/path><\/svg><span class=\"wp-block-social-link-label\">Mail<\/span><\/a><\/li>\n\n<li class=\"wp-social-link wp-social-link-chain  wp-block-social-link\"><a rel=\"noopener nofollow\" target=\"_blank\" href=\"https:\/\/substack.com\/@ketvilaghataran\" class=\"wp-block-social-link-anchor\"><svg width=\"24\" height=\"24\" viewbox=\"0 0 24 24\" version=\"1.1\" xmlns=\"http:\/\/www.w3.org\/2000\/svg\" aria-hidden=\"true\" focusable=\"false\"><path d=\"M15.6,7.2H14v1.5h1.6c2,0,3.7,1.7,3.7,3.7s-1.7,3.7-3.7,3.7H14v1.5h1.6c2.8,0,5.2-2.3,5.2-5.2,0-2.9-2.3-5.2-5.2-5.2zM4.7,12.4c0-2,1.7-3.7,3.7-3.7H10V7.2H8.4c-2.9,0-5.2,2.3-5.2,5.2,0,2.9,2.3,5.2,5.2,5.2H10v-1.5H8.4c-2,0-3.7-1.7-3.7-3.7zm4.6.9h5.3v-1.5H9.3v1.5z\"><\/path><\/svg><span class=\"wp-block-social-link-label\">Substack<\/span><\/a><\/li><\/ul>\n\n\n\n<ul class=\"wp-block-social-links aligncenter is-layout-flex wp-block-social-links-is-layout-flex\"><li class=\"wp-social-link wp-social-link-facebook  wp-block-social-link\"><a href=\"https:\/\/www.facebook.com\/profile.php?id=100087058801368\" class=\"wp-block-social-link-anchor\" rel=\"nofollow noopener\" target=\"_blank\"><svg width=\"24\" height=\"24\" viewbox=\"0 0 24 24\" version=\"1.1\" xmlns=\"http:\/\/www.w3.org\/2000\/svg\" aria-hidden=\"true\" focusable=\"false\"><path d=\"M12 2C6.5 2 2 6.5 2 12c0 5 3.7 9.1 8.4 9.9v-7H7.9V12h2.5V9.8c0-2.5 1.5-3.9 3.8-3.9 1.1 0 2.2.2 2.2.2v2.5h-1.3c-1.2 0-1.6.8-1.6 1.6V12h2.8l-.4 2.9h-2.3v7C18.3 21.1 22 17 22 12c0-5.5-4.5-10-10-10z\"><\/path><\/svg><span class=\"wp-block-social-link-label screen-reader-text\">Facebook<\/span><\/a><\/li>\n\n<li class=\"wp-social-link wp-social-link-x  wp-block-social-link\"><a href=\"https:\/\/x.com\/KetVilag\" class=\"wp-block-social-link-anchor\" rel=\"nofollow\"><svg width=\"24\" height=\"24\" viewbox=\"0 0 24 24\" version=\"1.1\" xmlns=\"http:\/\/www.w3.org\/2000\/svg\" aria-hidden=\"true\" focusable=\"false\"><path d=\"M13.982 10.622 20.54 3h-1.554l-5.693 6.618L8.745 3H3.5l6.876 10.007L3.5 21h1.554l6.012-6.989L15.868 21h5.245l-7.131-10.378Zm-2.128 2.474-.697-.997-5.543-7.93H8l4.474 6.4.697.996 5.815 8.318h-2.387l-4.745-6.787Z\" \/><\/svg><span class=\"wp-block-social-link-label screen-reader-text\">X<\/span><\/a><\/li>\n\n<li class=\"wp-social-link wp-social-link-youtube  wp-block-social-link\"><a href=\"https:\/\/www.youtube.com\/@KetVilagHataran\" class=\"wp-block-social-link-anchor\" rel=\"nofollow noopener\" target=\"_blank\"><svg width=\"24\" height=\"24\" viewbox=\"0 0 24 24\" version=\"1.1\" xmlns=\"http:\/\/www.w3.org\/2000\/svg\" aria-hidden=\"true\" focusable=\"false\"><path d=\"M21.8,8.001c0,0-0.195-1.378-0.795-1.985c-0.76-0.797-1.613-0.801-2.004-0.847c-2.799-0.202-6.997-0.202-6.997-0.202 h-0.009c0,0-4.198,0-6.997,0.202C4.608,5.216,3.756,5.22,2.995,6.016C2.395,6.623,2.2,8.001,2.2,8.001S2,9.62,2,11.238v1.517 c0,1.618,0.2,3.237,0.2,3.237s0.195,1.378,0.795,1.985c0.761,0.797,1.76,0.771,2.205,0.855c1.6,0.153,6.8,0.201,6.8,0.201 s4.203-0.006,7.001-0.209c0.391-0.047,1.243-0.051,2.004-0.847c0.6-0.607,0.795-1.985,0.795-1.985s0.2-1.618,0.2-3.237v-1.517 C22,9.62,21.8,8.001,21.8,8.001z M9.935,14.594l-0.001-5.62l5.404,2.82L9.935,14.594z\"><\/path><\/svg><span class=\"wp-block-social-link-label screen-reader-text\">YouTube<\/span><\/a><\/li><\/ul>\n\n\n\n<p><\/p>","protected":false},"excerpt":{"rendered":"<p>Mint minden alkot\u00f3n\u00e1l, el\u0151bb az alkot\u00e1s v\u00e1gya jelentkezik \u00e9s okoz egyfajta bels\u0151 k\u00e9sztet\u00e9st, mely a l\u00e9lek \u00fczenetek\u00e9nt kell \u00e9letre. Majd ezt k\u00f6veti az ego j\u00e1tszm\u00e1ja, ami eddigi tapasztalataira \u00e9p\u00edtve let\u00f6ri a sz\u00e1rnyadat \u00e9s tiporja s\u00e1rba a v\u00e1gyadat. Racion\u00e1lisan \u00e9rvelve elfolytja a cs\u00edr\u00e1j\u00e1t is az \u00f6nkifejez\u00e9s ig\u00e9ny\u00e9nek:&nbsp;\u201eUgyan m\u00e1r! Kit \u00e9rdekelne ez a p\u00e1r heveny\u00e9szve \u00f6sszet\u00e1kolt gondolat? &#8230; <a title=\"Contact\" class=\"read-more\" href=\"https:\/\/www.ketvilaghataran.hu\/en\/kapcsolat\/\" aria-label=\"Read more about Kapcsolat\">Read more<\/a><\/p>","protected":false},"author":1,"featured_media":0,"parent":0,"menu_order":8,"comment_status":"closed","ping_status":"closed","template":"","meta":{"footnotes":""},"class_list":["post-22","page","type-page","status-publish"],"_links":{"self":[{"href":"https:\/\/www.ketvilaghataran.hu\/en\/wp-json\/wp\/v2\/pages\/22","targetHints":{"allow":["GET"]}}],"collection":[{"href":"https:\/\/www.ketvilaghataran.hu\/en\/wp-json\/wp\/v2\/pages"}],"about":[{"href":"https:\/\/www.ketvilaghataran.hu\/en\/wp-json\/wp\/v2\/types\/page"}],"author":[{"embeddable":true,"href":"https:\/\/www.ketvilaghataran.hu\/en\/wp-json\/wp\/v2\/users\/1"}],"replies":[{"embeddable":true,"href":"https:\/\/www.ketvilaghataran.hu\/en\/wp-json\/wp\/v2\/comments?post=22"}],"version-history":[{"count":24,"href":"https:\/\/www.ketvilaghataran.hu\/en\/wp-json\/wp\/v2\/pages\/22\/revisions"}],"predecessor-version":[{"id":3142,"href":"https:\/\/www.ketvilaghataran.hu\/en\/wp-json\/wp\/v2\/pages\/22\/revisions\/3142"}],"wp:attachment":[{"href":"https:\/\/www.ketvilaghataran.hu\/en\/wp-json\/wp\/v2\/media?parent=22"}],"curies":[{"name":"wp","href":"https:\/\/api.w.org\/{rel}","templated":true}]}}