{"id":3003,"date":"2025-08-28T13:26:39","date_gmt":"2025-08-28T11:26:39","guid":{"rendered":"https:\/\/www.ketvilaghataran.hu\/?page_id=3003"},"modified":"2025-09-05T08:10:19","modified_gmt":"2025-09-05T06:10:19","slug":"hidepites","status":"publish","type":"page","link":"https:\/\/www.ketvilaghataran.hu\/en\/hidepites\/","title":{"rendered":"Bridge-building"},"content":{"rendered":"<div style=\"height:10px\" aria-hidden=\"true\" class=\"wp-block-spacer\"><\/div>\n\n\n<div class=\"wp-block-image\">\n<figure class=\"aligncenter size-full\"><img loading=\"lazy\" decoding=\"async\" width=\"370\" height=\"248\" src=\"https:\/\/www.ketvilaghataran.hu\/wp-content\/uploads\/2025\/08\/blog-bridge.jpg\" alt=\"\" class=\"wp-image-3014\" srcset=\"https:\/\/www.ketvilaghataran.hu\/wp-content\/uploads\/2025\/08\/blog-bridge.jpg 370w, https:\/\/www.ketvilaghataran.hu\/wp-content\/uploads\/2025\/08\/blog-bridge-300x201.jpg 300w, https:\/\/www.ketvilaghataran.hu\/wp-content\/uploads\/2025\/08\/blog-bridge-18x12.jpg 18w\" sizes=\"auto, (max-width: 370px) 100vw, 370px\" \/><\/figure>\n<\/div>\n\n\n<div style=\"height:30px\" aria-hidden=\"true\" class=\"wp-block-spacer\"><\/div>\n\n\n\n<p class=\"has-contrast-2-color has-text-color has-link-color wp-elements-580d9f938182316c4482b9a6c7d8c6eb\" style=\"font-size:16px\">Sokszor t\u0171nhet \u00fagy a mai vil\u00e1gban, hogy eljutni valahonnan valahov\u00e1, m\u00e1r nem is olyan neh\u00e9z \u00e9s k\u00f6r\u00fclm\u00e9nyes, de f\u0151k\u00e9nt nem olyan id\u0151ig\u00e9nyes feladat, mint amilyen r\u00e9gen volt. Ha csak eljutni szeretn\u00e9nk, egyik helyr\u0151l a m\u00e1sikra &#8211; egy k\u00edv\u00e1nt \u00fati c\u00e9lhoz &#8211; rengeteg lehet\u0151s\u00e9get tal\u00e1lhatunk erre. Persze ezen lehet\u0151s\u00e9gek sz\u00e1m\u00e1t, els\u0151sorban a saj\u00e1t k\u00f6r\u00fclm\u00e9nyeink szabj\u00e1k meg. Az anyagiak \u00e9pp \u00fagy, ahogyan a kapcsolati lehet\u0151s\u00e9geink. Azonban az eszk\u00f6z\u00f6k t\u00f6bbnyire adottak ehhez, \u00edgy nek\u00fcnk \u00e1ltal\u00e1ban csak v\u00e1lasztanunk \u00e9s d\u00f6nten\u00fcnk kell.<\/p>\n\n\n\n<p class=\"has-contrast-2-color has-text-color has-link-color wp-elements-18abec8ddb9441f61e3d99f56f9d14f1\" style=\"font-size:16px\">Persze, az\u00e9rt ez nem olyan egyszer\u0171, mert sok minden befoly\u00e1solhatja az utaz\u00e1st. A legegyszer\u0171bb tal\u00e1n, ha c\u00e9lok n\u00e9lk\u00fcl, csup\u00e1n a kikapcsol\u00f3d\u00e1s \u00e9lm\u00e9ny\u00e9\u00e9rt kel\u00fcnk \u00fatra. Ilyenkor csak az elk\u00e9pzel\u00e9seinket k\u00f6vetj\u00fck. P\u00e1r megosztott fot\u00f3 vagy vide\u00f3 alapj\u00e1n, hamar be is lelkesed\u00fcnk \u00e9s legsz\u00edvesebben m\u00e1r azonnal \u00fatra is keln\u00e9nk. De ez sem ilyen k\u00f6nny\u0171. El\u0151tte m\u00e9g n\u00e9mileg tervezni kell, alkalmazkodni, egyeztetni. Majd, ha mindez megvan, d\u00f6nteni. V\u00e9g\u00fcl a nagy nap el\u0151tt csomagolni \u00e9s elindulni. Az utaz\u00e1s pedig j\u00f3 dolog, cs\u00e1b\u00edt, h\u00edvogat, lelkes\u00edt. Alig v\u00e1rjuk m\u00e1r.<\/p>\n\n\n\n<p class=\"has-contrast-2-color has-text-color has-link-color wp-elements-3448b709e51e7f913284f731c4228cf5\" style=\"font-size:16px\">L\u00e9tezik azonban egy m\u00e1sfajta utaz\u00e1s is. Nem fizikai, hanem szellemi. Amikor nem c\u00e9lok vez\u00e9rlik az embert, hanem meghat\u00e1rozhatatlan k\u00e9sztet\u00e9sek \u00e9s meg\u00e9rz\u00e9sek. Ha nincs el\u0151re fel\u00e1ll\u00edtott c\u00e9lunk, csak elindulunk egy ir\u00e1nyba, szinte \u00f6nk\u00e9ntelen\u00fcl. Ennek az ok\u00e1t, sokszor nem tudjuk meghat\u00e1rozni \u00e9s \u00e9rvekkel al\u00e1t\u00e1masztani, m\u00e9gis elindulunk. Akkor is, ha a k\u00f6r\u00fclm\u00e9nyeink \u00e9s a felt\u00e9teleink nem ide\u00e1lisak ehhez. Ha nem tudjuk hova is indulunk \u00e9s azt sem meddig tart majd, de legf\u0151k\u00e9ppen azt nem, hov\u00e1 is fogunk meg\u00e9rkezni. M\u00e1r ha lesz ennek az \u00fatnak v\u00e9ge, mert az is lehet, hogy ez egy v\u00e9gtelen utaz\u00e1st jelent. \u00c1m az utunk k\u00f6zben, mindig ad\u00f3dhatnak neh\u00e9zs\u00e9gek. Mivel az \u00fat sokszor bel\u00e1thatatlan, kanyarg\u00f3s, s\u00fcllyed\u0151 \u00e9s emelked\u0151. M\u00edg n\u00e9ha, hatalmas ker\u00fcl\u0151ket kell tenni, olykor pedig utat kell magunk el\u0151tt t\u00f6rni.<\/p>\n\n\n\n<p class=\"has-contrast-2-color has-text-color has-link-color wp-elements-80af8bf990368970558d5d332b9af674\" style=\"font-size:16px\">De olyan is el\u0151fordulhat, hogy az el\u0151tt\u00fcnk \u00e1ll\u00f3 akad\u00e1lyok megker\u00fclhetetlenek \u00e9s onnan m\u00e1r, semerre sem vezet tov\u00e1bb az \u00fat. Ami viszont el\u0151tt\u00fcnk tornyosul, lek\u00fczdhetetlen \u00e9s nem ad es\u00e9lyt a tov\u00e1bbjut\u00e1sra. V\u00e9g\u00fcl egyetlen megold\u00e1s marad. Ha elfogy az \u00fat el\u0151tt\u00fcnk \u00e9s ker\u00fclni sem tudunk, akkor \u00e1t kell hidalnunk az el\u0151tt\u00fcnk tornyosul\u00f3 akad\u00e1lyokat. Az utaz\u00e1sunk ezen pontja, pedig egy \u00fajabb l\u00e9pcs\u0151fokot jelent a sz\u00e1munkra. Ilyenkor hidat kell \u00e9p\u00edten\u00fcnk, a k\u00e9t part k\u00f6z\u00f6tt. De ez m\u00e1r egy magasabb szint, mivel a h\u00edd\u00e9p\u00edt\u00e9s folyamata \u00e9s sz\u00e1nd\u00e9ka, sohasem \u00f6nc\u00e9l\u00fa. Mert nemcsak \u00e1t\u00edvelni kell az akad\u00e1lyok f\u00f6l\u00f6tt, hanem a hidat fel\u00e9p\u00edtve \u00f6sszek\u00f6ttet\u00e9st is l\u00e9tes\u00edteni, egym\u00e1ssal. Lehet\u0151s\u00e9get ny\u00fajtva a kapcsol\u00f3d\u00e1shoz, szabad \u00e1tj\u00e1r\u00e1st kell biztos\u00edtani k\u00fcl\u00f6nb\u00f6z\u0151 szeml\u00e9letek \u00e9s vil\u00e1gl\u00e1t\u00e1sok k\u00f6z\u00f6tt. Ehhez pedig nem \u00e1rt, ha olykor seg\u00edts\u00e9get is kapunk, mert a h\u00edd t\u00falpartja m\u00e9g el\u0151tt\u00fcnk \u00e1ll \u00e9s felfedez\u00e9sre v\u00e1r&#8230;<\/p>\n\n\n\n<hr class=\"wp-block-separator has-text-color has-base-color has-alpha-channel-opacity has-base-background-color has-background\"\/>\n\n\n\n<p class=\"has-text-align-center has-contrast-2-color has-text-color has-link-color wp-elements-1e6526a099fb6c18adb4003716aa463f\" style=\"font-size:16px\">You can view the grouped entries in this category by clicking on the link below:<\/p>\n\n\n\n<div class=\"wp-block-buttons is-content-justification-center is-nowrap is-layout-flex wp-container-core-buttons-is-layout-94bc23d7 wp-block-buttons-is-layout-flex\">\n<div class=\"wp-block-button\"><a class=\"wp-block-button__link has-custom-font-size wp-element-button\" href=\"https:\/\/www.ketvilaghataran.hu\/category\/hidepites\/\" style=\"border-radius:0px;font-size:16px\">Bridge-building<\/a><\/div>\n<\/div>","protected":false},"excerpt":{"rendered":"<p>Sokszor t\u0171nhet \u00fagy a mai vil\u00e1gban, hogy eljutni valahonnan valahov\u00e1, m\u00e1r nem is olyan neh\u00e9z \u00e9s k\u00f6r\u00fclm\u00e9nyes, de f\u0151k\u00e9nt nem olyan id\u0151ig\u00e9nyes feladat, mint amilyen r\u00e9gen volt. Ha csak eljutni szeretn\u00e9nk, egyik helyr\u0151l a m\u00e1sikra &#8211; egy k\u00edv\u00e1nt \u00fati c\u00e9lhoz &#8211; rengeteg lehet\u0151s\u00e9get tal\u00e1lhatunk erre. Persze ezen lehet\u0151s\u00e9gek sz\u00e1m\u00e1t, els\u0151sorban a saj\u00e1t k\u00f6r\u00fclm\u00e9nyeink szabj\u00e1k meg. &#8230; <a title=\"Bridge-building\" class=\"read-more\" href=\"https:\/\/www.ketvilaghataran.hu\/en\/hidepites\/\" aria-label=\"Read more about H\u00edd\u00e9p\u00edt\u00e9s\">Read more<\/a><\/p>","protected":false},"author":1,"featured_media":0,"parent":0,"menu_order":0,"comment_status":"closed","ping_status":"closed","template":"","meta":{"footnotes":""},"class_list":["post-3003","page","type-page","status-publish"],"_links":{"self":[{"href":"https:\/\/www.ketvilaghataran.hu\/en\/wp-json\/wp\/v2\/pages\/3003","targetHints":{"allow":["GET"]}}],"collection":[{"href":"https:\/\/www.ketvilaghataran.hu\/en\/wp-json\/wp\/v2\/pages"}],"about":[{"href":"https:\/\/www.ketvilaghataran.hu\/en\/wp-json\/wp\/v2\/types\/page"}],"author":[{"embeddable":true,"href":"https:\/\/www.ketvilaghataran.hu\/en\/wp-json\/wp\/v2\/users\/1"}],"replies":[{"embeddable":true,"href":"https:\/\/www.ketvilaghataran.hu\/en\/wp-json\/wp\/v2\/comments?post=3003"}],"version-history":[{"count":27,"href":"https:\/\/www.ketvilaghataran.hu\/en\/wp-json\/wp\/v2\/pages\/3003\/revisions"}],"predecessor-version":[{"id":3350,"href":"https:\/\/www.ketvilaghataran.hu\/en\/wp-json\/wp\/v2\/pages\/3003\/revisions\/3350"}],"wp:attachment":[{"href":"https:\/\/www.ketvilaghataran.hu\/en\/wp-json\/wp\/v2\/media?parent=3003"}],"curies":[{"name":"wp","href":"https:\/\/api.w.org\/{rel}","templated":true}]}}